{"id":47,"date":"2026-01-20T17:45:44","date_gmt":"2026-01-20T20:45:44","guid":{"rendered":"https:\/\/aprendizajelibre.com.ar\/liberando\/?page_id=47"},"modified":"2026-01-20T18:04:26","modified_gmt":"2026-01-20T21:04:26","slug":"aviso-de-privacidad","status":"publish","type":"page","link":"https:\/\/aprendizajelibre.com.ar\/landing\/liberando\/aviso-de-privacidad\/","title":{"rendered":"Aviso de privacidad"},"content":{"rendered":"\n<p class=\"has-palette-color-4-color has-text-color has-link-color wp-elements-158963463aa9cd37843e4ff5816e5f03\"><span style=\"color: #0f0e17;\" class=\"stk-highlight\"><strong>Responsable:<\/strong> Althea<br><\/span><strong>Contacto:<\/strong> info@aprendizajelibre.com.ar | Tel: +54 9 221 598-8793<br><strong>Sitio web:<\/strong> <a href=\"https:\/\/aprendizajelibre.com.ar\">aprendizajelibre.com.ar<\/a><\/p>\n\n\n\n<hr class=\"wp-block-separator has-alpha-channel-opacity\"\/>\n\n\n\n<h2 class=\"wp-block-heading\">Finalidad del tratamiento de datos<\/h2>\n\n\n\n<p><span style=\"color: #0f0e17;\" class=\"stk-highlight\">Los datos personales que se recaban a trav\u00e9s del formulario de contacto (nombre y correo electr\u00f3nico) ser\u00e1n utilizados para:<\/span><\/p>\n\n\n\n<ul class=\"wp-block-list has-palette-color-4-color has-text-color has-link-color wp-elements-2cbce7011df5cfa466f76bae3f224aad\">\n<li>Env\u00edo de promociones relacionadas con nuestros servicios.<\/li>\n\n\n\n<li>Gesti\u00f3n de clientes y seguimiento de solicitudes.<\/li>\n<\/ul>\n\n\n\n<hr class=\"wp-block-separator has-alpha-channel-opacity\"\/>\n\n\n\n<h2 class=\"wp-block-heading\">Datos personales recabados<\/h2>\n\n\n\n<ul class=\"wp-block-list has-palette-color-4-color has-text-color has-link-color wp-elements-d25ca2e5550ba1c13813c38923cb3dcc\">\n<li>Nombre<\/li>\n\n\n\n<li>Correo electr\u00f3nico<\/li>\n<\/ul>\n\n\n\n<p class=\"has-palette-color-4-color has-text-color has-link-color wp-elements-e34008d07d7e05ca6c8b2e2f810a642d\">No se solicitar\u00e1n otros datos sensibles ni financieros.<\/p>\n\n\n\n<hr class=\"wp-block-separator has-alpha-channel-opacity\"\/>\n\n\n\n<h2 class=\"wp-block-heading\">Transferencia de datos<\/h2>\n\n\n\n<p class=\"has-palette-color-4-color has-text-color has-link-color wp-elements-a6458766a6fdaed59f64be5176579d1a\">Los datos personales no ser\u00e1n compartidos con terceros para fines ajenos a los mencionados. Sin embargo, podr\u00e1n ser tratados mediante plataformas externas de email marketing (como EnvialoSimple, Doppler u otras similares), exclusivamente para el env\u00edo de comunicaciones y promociones de Althea. Dichas plataformas act\u00faan como encargados del tratamiento y no podr\u00e1n utilizarlos para fines propios.<\/p>\n\n\n\n<hr class=\"wp-block-separator has-alpha-channel-opacity\"\/>\n\n\n\n<h2 class=\"wp-block-heading\">Derechos de los titulares<\/h2>\n\n\n\n<p class=\"has-palette-color-4-color has-text-color has-link-color wp-elements-0bcecc7318cde4d2d7e69cfd883f80e0\">De acuerdo con la <span style=\"color: var(--theme-palette-color-2, #c73c3c);\" class=\"stk-highlight\">Ley de Protecci\u00f3n de Datos Personales de Argentina<\/span>, usted tiene derecho a:<\/p>\n\n\n\n<ul class=\"wp-block-list\">\n<li class=\"has-palette-color-4-color has-text-color has-link-color wp-elements-887b6f4a39daa888458dda8525910540\">Acceder a sus datos personales.<\/li>\n\n\n\n<li class=\"has-palette-color-4-color has-text-color has-link-color wp-elements-1dac35c3e83777daaa1b40d697fe019e\">Rectificar informaci\u00f3n incorrecta o incompleta.<\/li>\n\n\n\n<li class=\"has-palette-color-4-color has-text-color has-link-color wp-elements-f6f8c61048751a784a4b02eee95ea548\">Solicitar la cancelaci\u00f3n de sus datos.<\/li>\n\n\n\n<li class=\"has-palette-color-4-color has-text-color has-link-color wp-elements-dc2e481be72ef163b21f1d6279f4469e\">Oponerse al tratamiento de sus datos.<\/li>\n<\/ul>\n\n\n\n<p class=\"has-palette-color-4-color has-text-color has-link-color wp-elements-a4a3452bc2628b6c1b970bc1e9fd55d7\">Para ejercer estos derechos, puede enviar una solicitud al correo electr\u00f3nico: <strong><span style=\"color: var(--theme-palette-color-2, #c73c3c);\" class=\"stk-highlight\">info@aprendizajelibre.com.ar<\/span><\/strong>.<\/p>\n\n\n\n<hr class=\"wp-block-separator has-alpha-channel-opacity\"\/>\n\n\n\n<h2 class=\"wp-block-heading\">Conservaci\u00f3n de datos<\/h2>\n\n\n\n<p class=\"has-palette-color-4-color has-text-color has-link-color wp-elements-399fe1b4afe4e8b87f21246c644455e7\">Los datos se conservar\u00e1n \u00fanicamente durante el tiempo necesario para cumplir con las finalidades mencionadas y conforme a la normativa vigente.<\/p>\n\n\n\n<hr class=\"wp-block-separator has-alpha-channel-opacity\"\/>\n\n\n\n<h2 class=\"wp-block-heading\">Seguridad de la informaci\u00f3n<\/h2>\n\n\n\n<p class=\"has-palette-color-4-color has-text-color has-link-color wp-elements-d4ac561fdba435ff96cba891926057a5\">Althea adopta medidas razonables de seguridad para proteger la informaci\u00f3n personal contra accesos no autorizados, p\u00e9rdida o uso indebido, incluso cuando se utiliza tecnolog\u00eda de terceros para la gesti\u00f3n de env\u00edos.<\/p>\n\n\n\n<hr class=\"wp-block-separator has-alpha-channel-opacity\"\/>\n\n\n\n<h2 class=\"wp-block-heading\">Cambios al aviso de privacidad<\/h2>\n\n\n\n<p class=\"has-palette-color-4-color has-text-color has-link-color wp-elements-f5c37653987679038f702a5350b649ce\">Este aviso de privacidad puede ser modificado en cualquier momento para adaptarse a cambios legales o de operaci\u00f3n. Las actualizaciones estar\u00e1n disponibles en nuestro sitio web: <a href=\"https:\/\/aprendizajelibre.com.ar\">aprendizajelibre.com.ar<\/a>.<\/p>\n","protected":false},"excerpt":{"rendered":"<p>Responsable: AltheaContacto: info@aprendizajelibre.com.ar | Tel: +54 9 221 598-8793Sitio web: aprendizajelibre.com.ar Finalidad del tratamiento de datos Los datos personales que se recaban a trav\u00e9s del formulario de contacto (nombre y correo electr\u00f3nico) ser\u00e1n utilizados para: Datos personales recabados No se solicitar\u00e1n otros datos sensibles ni financieros. Transferencia de datos Los datos personales no ser\u00e1n compartidos [&hellip;]<\/p>\n","protected":false},"author":2,"featured_media":0,"parent":0,"menu_order":0,"comment_status":"closed","ping_status":"closed","template":"","meta":{"footnotes":""},"class_list":["post-47","page","type-page","status-publish","hentry"],"blocksy_meta":[],"_links":{"self":[{"href":"https:\/\/aprendizajelibre.com.ar\/landing\/liberando\/wp-json\/wp\/v2\/pages\/47","targetHints":{"allow":["GET"]}}],"collection":[{"href":"https:\/\/aprendizajelibre.com.ar\/landing\/liberando\/wp-json\/wp\/v2\/pages"}],"about":[{"href":"https:\/\/aprendizajelibre.com.ar\/landing\/liberando\/wp-json\/wp\/v2\/types\/page"}],"author":[{"embeddable":true,"href":"https:\/\/aprendizajelibre.com.ar\/landing\/liberando\/wp-json\/wp\/v2\/users\/2"}],"replies":[{"embeddable":true,"href":"https:\/\/aprendizajelibre.com.ar\/landing\/liberando\/wp-json\/wp\/v2\/comments?post=47"}],"version-history":[{"count":4,"href":"https:\/\/aprendizajelibre.com.ar\/landing\/liberando\/wp-json\/wp\/v2\/pages\/47\/revisions"}],"predecessor-version":[{"id":52,"href":"https:\/\/aprendizajelibre.com.ar\/landing\/liberando\/wp-json\/wp\/v2\/pages\/47\/revisions\/52"}],"wp:attachment":[{"href":"https:\/\/aprendizajelibre.com.ar\/landing\/liberando\/wp-json\/wp\/v2\/media?parent=47"}],"curies":[{"name":"wp","href":"https:\/\/api.w.org\/{rel}","templated":true}]}}